{"id":13,"date":"2025-07-17T20:14:32","date_gmt":"2025-07-17T20:14:32","guid":{"rendered":"https:\/\/doramarii.com\/de\/?page_id=13"},"modified":"2025-10-05T10:34:08","modified_gmt":"2025-10-05T10:34:08","slug":"veroeffentlichte-buecher","status":"publish","type":"page","link":"https:\/\/doramarii.com\/de\/veroeffentlichte-buecher\/","title":{"rendered":"Ver\u00f6ffentlichte B\u00fccher"},"content":{"rendered":"\n<div class=\"wp-block-columns is-layout-flex wp-container-core-columns-is-layout-28f84493 wp-block-columns-is-layout-flex\">\n<div class=\"wp-block-column is-layout-flow wp-block-column-is-layout-flow\">\n<figure class=\"wp-block-image aligncenter size-full is-resized\"><img loading=\"lazy\" decoding=\"async\" width=\"500\" height=\"500\" src=\"https:\/\/doramarii.com\/de\/wp-content\/uploads\/sites\/6\/2025\/07\/gumroad_thmb-magic-years-.png\" alt=\"\" class=\"wp-image-14\" style=\"width:356px;height:auto\" srcset=\"https:\/\/doramarii.com\/de\/wp-content\/uploads\/sites\/6\/2025\/07\/gumroad_thmb-magic-years-.png 500w, https:\/\/doramarii.com\/de\/wp-content\/uploads\/sites\/6\/2025\/07\/gumroad_thmb-magic-years--300x300.png 300w, https:\/\/doramarii.com\/de\/wp-content\/uploads\/sites\/6\/2025\/07\/gumroad_thmb-magic-years--150x150.png 150w\" sizes=\"auto, (max-width: 500px) 100vw, 500px\" \/><\/figure>\n<\/div>\n\n\n\n<div class=\"wp-block-column is-layout-flow wp-block-column-is-layout-flow\">\n<h4 class=\"wp-block-heading\">Magic Years 1994-1998<\/h4>\n\n\n\n<p>e-book (PDF), \u00a9 2024<\/p>\n\n\n\n<p><\/p>\n\n\n\n<p>Dieses e-book enth\u00e4lt 13 Gedichte, mit dabei ist <strong><em>&#8217;96 Written for Today <\/em><\/strong>welches schon vorher online zu finden war.<\/p>\n\n\n\n<p><\/p>\n\n\n\n<p>Dora schreibt \u00fcber die Stille, Engel, \u00fcber den Himel und die Erde, Berge, Fantasie, Liebe, Leben und Musik.<\/p>\n\n\n\n<p><\/p>\n\n\n\n<div class=\"wp-block-buttons is-layout-flex wp-block-buttons-is-layout-flex\">\n<div class=\"wp-block-button\"><a class=\"wp-block-button__link wp-element-button\" href=\"https:\/\/popcode.gumroad.com\/l\/magic-years\">Visit Gumroad Shop<\/a><\/div>\n<\/div>\n<\/div>\n<\/div>\n\n\n\n<div style=\"height:50px\" aria-hidden=\"true\" class=\"wp-block-spacer\"><\/div>\n\n\n\n<div class=\"wp-block-media-text is-stacked-on-mobile\" style=\"grid-template-columns:23% auto\"><figure class=\"wp-block-media-text__media\"><img loading=\"lazy\" decoding=\"async\" width=\"655\" height=\"1024\" src=\"https:\/\/doramarii.com\/de\/wp-content\/uploads\/sites\/6\/2025\/10\/Dora-Marii-Soul-Connections-3rd-ed-655x1024.png\" alt=\"Cover des ebooks &quot;Soul Connections&quot; mit Untertitel &quot;A soul journal for women&quot;\" class=\"wp-image-58 size-full\" srcset=\"https:\/\/doramarii.com\/de\/wp-content\/uploads\/sites\/6\/2025\/10\/Dora-Marii-Soul-Connections-3rd-ed-655x1024.png 655w, https:\/\/doramarii.com\/de\/wp-content\/uploads\/sites\/6\/2025\/10\/Dora-Marii-Soul-Connections-3rd-ed-192x300.png 192w, https:\/\/doramarii.com\/de\/wp-content\/uploads\/sites\/6\/2025\/10\/Dora-Marii-Soul-Connections-3rd-ed-768x1200.png 768w, https:\/\/doramarii.com\/de\/wp-content\/uploads\/sites\/6\/2025\/10\/Dora-Marii-Soul-Connections-3rd-ed-983x1536.png 983w, https:\/\/doramarii.com\/de\/wp-content\/uploads\/sites\/6\/2025\/10\/Dora-Marii-Soul-Connections-3rd-ed-1311x2048.png 1311w, https:\/\/doramarii.com\/de\/wp-content\/uploads\/sites\/6\/2025\/10\/Dora-Marii-Soul-Connections-3rd-ed.png 1600w\" sizes=\"auto, (max-width: 655px) 100vw, 655px\" \/><\/figure><div class=\"wp-block-media-text__content\">\n<h4 class=\"wp-block-heading\" id=\"h-soul-connections\">Soul Connections<\/h4>\n\n\n\n<p>A soul journal for women, \u00a9 2024<\/p>\n\n\n\n<p><\/p>\n\n\n\n<p>Das Kindle e-book wurde in November 2014 herausgegeben und es stellt eine Menge Erfahrungen im Zusammenhang mit Meditation dar. Ich liebe die Amazon Kindle app um e-books zu lesen und deswegen hatte ich mich damals daf\u00fcr entschieden, das e-book&nbsp;im&nbsp;<a href=\"https:\/\/mybook.to\/soulconnections\" target=\"_blank\" rel=\"noreferrer noopener nofollow\">Amazon Kindle Shop<\/a> zu ver\u00f6ffentlichen.<\/p>\n\n\n\n<p><\/p>\n\n\n\n<p>2024 war es f\u00fcr die zweite verbesserte Auflage soweit. Dabei gab ich dem Ebook ein neues Cover und habe flie\u00dfenden Text erstellt. So ist das Kindle Ebook komfortabler zu lesen vor Allem auf Mobilger\u00e4te.  <\/p>\n<\/div><\/div>\n","protected":false},"excerpt":{"rendered":"<p>Magic Years 1994-1998 e-book (PDF), \u00a9 2024 Dieses e-book enth\u00e4lt 13 Gedichte, mit dabei ist &#8217;96 Written for Today welches schon vorher online zu finden war. Dora schreibt \u00fcber die Stille, Engel, \u00fcber den Himel und die Erde, Berge, Fantasie, Liebe, Leben und Musik. Soul Connections A soul journal for women, \u00a9 2024 Das Kindle [&hellip;]<\/p>\n","protected":false},"author":1,"featured_media":16,"parent":0,"menu_order":0,"comment_status":"closed","ping_status":"closed","template":"","meta":{"sfsi_plus_gutenberg_text_before_share":"","sfsi_plus_gutenberg_show_text_before_share":"","sfsi_plus_gutenberg_icon_type":"","sfsi_plus_gutenberg_icon_alignemt":"","sfsi_plus_gutenburg_max_per_row":"","footnotes":""},"class_list":["post-13","page","type-page","status-publish","has-post-thumbnail","hentry"],"yoast_head":"<!-- This site is optimized with the Yoast SEO Premium plugin v26.2 (Yoast SEO v26.2) - https:\/\/yoast.com\/wordpress\/plugins\/seo\/ -->\n<title>Ver\u00f6ffentlichte B\u00fccher - Dora Marii Gedichte und Kurzgeschichten<\/title>\n<meta name=\"robots\" content=\"index, follow, max-snippet:-1, max-image-preview:large, max-video-preview:-1\" \/>\n<link rel=\"canonical\" href=\"https:\/\/doramarii.com\/de\/veroeffentlichte-buecher\/\" \/>\n<meta property=\"og:locale\" content=\"de_DE\" \/>\n<meta property=\"og:type\" content=\"article\" \/>\n<meta property=\"og:title\" content=\"Ver\u00f6ffentlichte B\u00fccher\" \/>\n<meta property=\"og:description\" content=\"Magic Years 1994-1998 e-book (PDF), \u00a9 2024 Dieses e-book enth\u00e4lt 13 Gedichte, mit dabei ist &#8217;96 Written for Today welches schon vorher online zu finden war. Dora schreibt \u00fcber die Stille, Engel, \u00fcber den Himel und die Erde, Berge, Fantasie, Liebe, Leben und Musik. Soul Connections A soul journal for women, \u00a9 2024 Das Kindle [&hellip;]\" \/>\n<meta property=\"og:url\" content=\"https:\/\/doramarii.com\/de\/veroeffentlichte-buecher\/\" \/>\n<meta property=\"og:site_name\" content=\"Dora Marii Gedichte und Kurzgeschichten\" \/>\n<meta property=\"article:modified_time\" content=\"2025-10-05T10:34:08+00:00\" \/>\n<meta property=\"og:image\" content=\"https:\/\/doramarii.com\/de\/wp-content\/uploads\/sites\/6\/2025\/07\/93429685_2805791459542900_2716274610914983936_n.png\" \/>\n\t<meta property=\"og:image:width\" content=\"1500\" \/>\n\t<meta property=\"og:image:height\" content=\"500\" \/>\n\t<meta property=\"og:image:type\" content=\"image\/png\" \/>\n<meta name=\"twitter:card\" content=\"summary_large_image\" \/>\n<meta name=\"twitter:site\" content=\"@marii_dora\" \/>\n<meta name=\"twitter:label1\" content=\"Gesch\u00e4tzte Lesezeit\" \/>\n\t<meta name=\"twitter:data1\" content=\"2\u00a0Minuten\" \/>\n<script type=\"application\/ld+json\" class=\"yoast-schema-graph\">{\"@context\":\"https:\/\/schema.org\",\"@graph\":[{\"@type\":\"WebPage\",\"@id\":\"https:\/\/doramarii.com\/de\/veroeffentlichte-buecher\/\",\"url\":\"https:\/\/doramarii.com\/de\/veroeffentlichte-buecher\/\",\"name\":\"Ver\u00f6ffentlichte B\u00fccher - Dora Marii Gedichte und Kurzgeschichten\",\"isPartOf\":{\"@id\":\"https:\/\/doramarii.com\/de\/#website\"},\"primaryImageOfPage\":{\"@id\":\"https:\/\/doramarii.com\/de\/veroeffentlichte-buecher\/#primaryimage\"},\"image\":{\"@id\":\"https:\/\/doramarii.com\/de\/veroeffentlichte-buecher\/#primaryimage\"},\"thumbnailUrl\":\"https:\/\/doramarii.com\/de\/wp-content\/uploads\/sites\/6\/2025\/07\/93429685_2805791459542900_2716274610914983936_n.png\",\"datePublished\":\"2025-07-17T20:14:32+00:00\",\"dateModified\":\"2025-10-05T10:34:08+00:00\",\"breadcrumb\":{\"@id\":\"https:\/\/doramarii.com\/de\/veroeffentlichte-buecher\/#breadcrumb\"},\"inLanguage\":\"de\",\"potentialAction\":[{\"@type\":\"ReadAction\",\"target\":[\"https:\/\/doramarii.com\/de\/veroeffentlichte-buecher\/\"]}]},{\"@type\":\"ImageObject\",\"inLanguage\":\"de\",\"@id\":\"https:\/\/doramarii.com\/de\/veroeffentlichte-buecher\/#primaryimage\",\"url\":\"https:\/\/doramarii.com\/de\/wp-content\/uploads\/sites\/6\/2025\/07\/93429685_2805791459542900_2716274610914983936_n.png\",\"contentUrl\":\"https:\/\/doramarii.com\/de\/wp-content\/uploads\/sites\/6\/2025\/07\/93429685_2805791459542900_2716274610914983936_n.png\",\"width\":1500,\"height\":500},{\"@type\":\"BreadcrumbList\",\"@id\":\"https:\/\/doramarii.com\/de\/veroeffentlichte-buecher\/#breadcrumb\",\"itemListElement\":[{\"@type\":\"ListItem\",\"position\":1,\"name\":\"Home\",\"item\":\"https:\/\/doramarii.com\/de\/\"},{\"@type\":\"ListItem\",\"position\":2,\"name\":\"Ver\u00f6ffentlichte B\u00fccher\"}]},{\"@type\":\"WebSite\",\"@id\":\"https:\/\/doramarii.com\/de\/#website\",\"url\":\"https:\/\/doramarii.com\/de\/\",\"name\":\"Dora Marii Poetry and Life Blog\",\"description\":\"\",\"publisher\":{\"@id\":\"https:\/\/doramarii.com\/de\/#\/schema\/person\/41dbcb16ba246a725faac83caf93ce68\"},\"potentialAction\":[{\"@type\":\"SearchAction\",\"target\":{\"@type\":\"EntryPoint\",\"urlTemplate\":\"https:\/\/doramarii.com\/de\/?s={search_term_string}\"},\"query-input\":{\"@type\":\"PropertyValueSpecification\",\"valueRequired\":true,\"valueName\":\"search_term_string\"}}],\"inLanguage\":\"de\"},{\"@type\":[\"Person\",\"Organization\"],\"@id\":\"https:\/\/doramarii.com\/de\/#\/schema\/person\/41dbcb16ba246a725faac83caf93ce68\",\"name\":\"dora marii\",\"image\":{\"@type\":\"ImageObject\",\"inLanguage\":\"de\",\"@id\":\"https:\/\/doramarii.com\/de\/#\/schema\/person\/image\/\",\"url\":\"https:\/\/secure.gravatar.com\/avatar\/8c09a6d8a2ff1d6c5033822d589f16d4d1d167e384e1dc775fe8e2494b0b866c?s=96&d=mm&r=g\",\"contentUrl\":\"https:\/\/secure.gravatar.com\/avatar\/8c09a6d8a2ff1d6c5033822d589f16d4d1d167e384e1dc775fe8e2494b0b866c?s=96&d=mm&r=g\",\"caption\":\"dora marii\"},\"logo\":{\"@id\":\"https:\/\/doramarii.com\/de\/#\/schema\/person\/image\/\"},\"sameAs\":[\"http:\/\/www.doramarii.com\",\"https:\/\/www.instagram.com\/longing_of_the_sea\/\",\"https:\/\/de.pinterest.com\/doramarii\/\",\"https:\/\/x.com\/marii_dora\"],\"award\":[\"Wildsound Festival - Poetry of the Year 2016\"],\"knowsLanguage\":[\"English\",\"Romanian\",\"German\"]}]}<\/script>\n<!-- \/ Yoast SEO Premium plugin. -->","yoast_head_json":{"title":"Ver\u00f6ffentlichte B\u00fccher - Dora Marii Gedichte und Kurzgeschichten","robots":{"index":"index","follow":"follow","max-snippet":"max-snippet:-1","max-image-preview":"max-image-preview:large","max-video-preview":"max-video-preview:-1"},"canonical":"https:\/\/doramarii.com\/de\/veroeffentlichte-buecher\/","og_locale":"de_DE","og_type":"article","og_title":"Ver\u00f6ffentlichte B\u00fccher","og_description":"Magic Years 1994-1998 e-book (PDF), \u00a9 2024 Dieses e-book enth\u00e4lt 13 Gedichte, mit dabei ist &#8217;96 Written for Today welches schon vorher online zu finden war. Dora schreibt \u00fcber die Stille, Engel, \u00fcber den Himel und die Erde, Berge, Fantasie, Liebe, Leben und Musik. Soul Connections A soul journal for women, \u00a9 2024 Das Kindle [&hellip;]","og_url":"https:\/\/doramarii.com\/de\/veroeffentlichte-buecher\/","og_site_name":"Dora Marii Gedichte und Kurzgeschichten","article_modified_time":"2025-10-05T10:34:08+00:00","og_image":[{"width":1500,"height":500,"url":"https:\/\/doramarii.com\/de\/wp-content\/uploads\/sites\/6\/2025\/07\/93429685_2805791459542900_2716274610914983936_n.png","type":"image\/png"}],"twitter_card":"summary_large_image","twitter_site":"@marii_dora","twitter_misc":{"Gesch\u00e4tzte Lesezeit":"2\u00a0Minuten"},"schema":{"@context":"https:\/\/schema.org","@graph":[{"@type":"WebPage","@id":"https:\/\/doramarii.com\/de\/veroeffentlichte-buecher\/","url":"https:\/\/doramarii.com\/de\/veroeffentlichte-buecher\/","name":"Ver\u00f6ffentlichte B\u00fccher - Dora Marii Gedichte und Kurzgeschichten","isPartOf":{"@id":"https:\/\/doramarii.com\/de\/#website"},"primaryImageOfPage":{"@id":"https:\/\/doramarii.com\/de\/veroeffentlichte-buecher\/#primaryimage"},"image":{"@id":"https:\/\/doramarii.com\/de\/veroeffentlichte-buecher\/#primaryimage"},"thumbnailUrl":"https:\/\/doramarii.com\/de\/wp-content\/uploads\/sites\/6\/2025\/07\/93429685_2805791459542900_2716274610914983936_n.png","datePublished":"2025-07-17T20:14:32+00:00","dateModified":"2025-10-05T10:34:08+00:00","breadcrumb":{"@id":"https:\/\/doramarii.com\/de\/veroeffentlichte-buecher\/#breadcrumb"},"inLanguage":"de","potentialAction":[{"@type":"ReadAction","target":["https:\/\/doramarii.com\/de\/veroeffentlichte-buecher\/"]}]},{"@type":"ImageObject","inLanguage":"de","@id":"https:\/\/doramarii.com\/de\/veroeffentlichte-buecher\/#primaryimage","url":"https:\/\/doramarii.com\/de\/wp-content\/uploads\/sites\/6\/2025\/07\/93429685_2805791459542900_2716274610914983936_n.png","contentUrl":"https:\/\/doramarii.com\/de\/wp-content\/uploads\/sites\/6\/2025\/07\/93429685_2805791459542900_2716274610914983936_n.png","width":1500,"height":500},{"@type":"BreadcrumbList","@id":"https:\/\/doramarii.com\/de\/veroeffentlichte-buecher\/#breadcrumb","itemListElement":[{"@type":"ListItem","position":1,"name":"Home","item":"https:\/\/doramarii.com\/de\/"},{"@type":"ListItem","position":2,"name":"Ver\u00f6ffentlichte B\u00fccher"}]},{"@type":"WebSite","@id":"https:\/\/doramarii.com\/de\/#website","url":"https:\/\/doramarii.com\/de\/","name":"Dora Marii Poetry and Life Blog","description":"","publisher":{"@id":"https:\/\/doramarii.com\/de\/#\/schema\/person\/41dbcb16ba246a725faac83caf93ce68"},"potentialAction":[{"@type":"SearchAction","target":{"@type":"EntryPoint","urlTemplate":"https:\/\/doramarii.com\/de\/?s={search_term_string}"},"query-input":{"@type":"PropertyValueSpecification","valueRequired":true,"valueName":"search_term_string"}}],"inLanguage":"de"},{"@type":["Person","Organization"],"@id":"https:\/\/doramarii.com\/de\/#\/schema\/person\/41dbcb16ba246a725faac83caf93ce68","name":"dora marii","image":{"@type":"ImageObject","inLanguage":"de","@id":"https:\/\/doramarii.com\/de\/#\/schema\/person\/image\/","url":"https:\/\/secure.gravatar.com\/avatar\/8c09a6d8a2ff1d6c5033822d589f16d4d1d167e384e1dc775fe8e2494b0b866c?s=96&d=mm&r=g","contentUrl":"https:\/\/secure.gravatar.com\/avatar\/8c09a6d8a2ff1d6c5033822d589f16d4d1d167e384e1dc775fe8e2494b0b866c?s=96&d=mm&r=g","caption":"dora marii"},"logo":{"@id":"https:\/\/doramarii.com\/de\/#\/schema\/person\/image\/"},"sameAs":["http:\/\/www.doramarii.com","https:\/\/www.instagram.com\/longing_of_the_sea\/","https:\/\/de.pinterest.com\/doramarii\/","https:\/\/x.com\/marii_dora"],"award":["Wildsound Festival - Poetry of the Year 2016"],"knowsLanguage":["English","Romanian","German"]}]}},"_links":{"self":[{"href":"https:\/\/doramarii.com\/de\/wp-json\/wp\/v2\/pages\/13","targetHints":{"allow":["GET"]}}],"collection":[{"href":"https:\/\/doramarii.com\/de\/wp-json\/wp\/v2\/pages"}],"about":[{"href":"https:\/\/doramarii.com\/de\/wp-json\/wp\/v2\/types\/page"}],"author":[{"embeddable":true,"href":"https:\/\/doramarii.com\/de\/wp-json\/wp\/v2\/users\/1"}],"replies":[{"embeddable":true,"href":"https:\/\/doramarii.com\/de\/wp-json\/wp\/v2\/comments?post=13"}],"version-history":[{"count":3,"href":"https:\/\/doramarii.com\/de\/wp-json\/wp\/v2\/pages\/13\/revisions"}],"predecessor-version":[{"id":61,"href":"https:\/\/doramarii.com\/de\/wp-json\/wp\/v2\/pages\/13\/revisions\/61"}],"wp:featuredmedia":[{"embeddable":true,"href":"https:\/\/doramarii.com\/de\/wp-json\/wp\/v2\/media\/16"}],"wp:attachment":[{"href":"https:\/\/doramarii.com\/de\/wp-json\/wp\/v2\/media?parent=13"}],"curies":[{"name":"wp","href":"https:\/\/api.w.org\/{rel}","templated":true}]}}